{"id":4526,"date":"2019-01-11T08:44:18","date_gmt":"2019-01-11T07:44:18","guid":{"rendered":"https:\/\/livewp.site\/wp\/md\/zohar\/?page_id=4526"},"modified":"2026-04-08T09:00:35","modified_gmt":"2026-04-08T14:00:35","slug":"contacto","status":"publish","type":"page","link":"https:\/\/nabiconsulting.co\/en\/contacto\/","title":{"rendered":"Contact Us"},"content":{"rendered":"<div data-elementor-type=\"wp-post\" data-elementor-id=\"4526\" class=\"elementor elementor-4526\" data-elementor-post-type=\"page\">\n\t\t\t\t\t\t<section class=\"elementor-section elementor-top-section elementor-element elementor-element-6fc175d elementor-section-boxed elementor-section-height-default elementor-section-height-default\" data-id=\"6fc175d\" data-element_type=\"section\" data-e-type=\"section\">\n\t\t\t\t\t\t<div class=\"elementor-container elementor-column-gap-default\">\n\t\t\t\t\t<div class=\"elementor-column elementor-col-66 elementor-top-column elementor-element elementor-element-e2500e3\" data-id=\"e2500e3\" data-element_type=\"column\" data-e-type=\"column\">\n\t\t\t<div class=\"elementor-widget-wrap elementor-element-populated\">\n\t\t\t\t\t\t<div class=\"elementor-element elementor-element-0b1ae38 elementor-widget elementor-widget-text-editor\" data-id=\"0b1ae38\" data-element_type=\"widget\" data-e-type=\"widget\" data-widget_type=\"text-editor.default\">\n\t\t\t\t<div class=\"elementor-widget-container\">\n\t\t\t\t\t\t\t\t\t<p>La mejor decisi\u00f3n para t\u00fa destino es que nos permitas estar caminando contigo para que desarrollemos juntos El Camino.<\/p>\t\t\t\t\t\t\t\t<\/div>\n\t\t\t\t<\/div>\n\t\t\t\t<div class=\"elementor-element elementor-element-f0808ef elementor-widget elementor-widget-heading\" data-id=\"f0808ef\" data-element_type=\"widget\" data-e-type=\"widget\" data-widget_type=\"heading.default\">\n\t\t\t\t<div class=\"elementor-widget-container\">\n\t\t\t\t\t<h2 class=\"elementor-heading-title elementor-size-default\">Contact us<\/h2>\t\t\t\t<\/div>\n\t\t\t\t<\/div>\n\t\t\t\t<div class=\"elementor-element elementor-element-b73eca1 elementor-widget elementor-widget-shortcode\" data-id=\"b73eca1\" data-element_type=\"widget\" data-e-type=\"widget\" data-widget_type=\"shortcode.default\">\n\t\t\t\t<div class=\"elementor-widget-container\">\n\t\t\t\t\t\t\t<div class=\"elementor-shortcode\">\n<div class=\"wpcf7 no-js\" id=\"wpcf7-f5331-o1\" lang=\"en-US\" dir=\"ltr\" data-wpcf7-id=\"5331\">\n<div class=\"screen-reader-response\"><p role=\"status\" aria-live=\"polite\" aria-atomic=\"true\"><\/p> <ul><\/ul><\/div>\n<form action=\"\/en\/wp-json\/wp\/v2\/pages\/4526#wpcf7-f5331-o1\" method=\"post\" class=\"wpcf7-form init\" aria-label=\"Contact form\" novalidate=\"novalidate\" data-status=\"init\" data-trp-original-action=\"\/en\/wp-json\/wp\/v2\/pages\/4526#wpcf7-f5331-o1\">\n<fieldset class=\"hidden-fields-container\"><input type=\"hidden\" name=\"_wpcf7\" value=\"5331\" \/><input type=\"hidden\" name=\"_wpcf7_version\" value=\"6.1.5\" \/><input type=\"hidden\" name=\"_wpcf7_locale\" value=\"en_US\" \/><input type=\"hidden\" name=\"_wpcf7_unit_tag\" value=\"wpcf7-f5331-o1\" \/><input type=\"hidden\" name=\"_wpcf7_container_post\" value=\"0\" \/><input type=\"hidden\" name=\"_wpcf7_posted_data_hash\" value=\"\" \/>\n<\/fieldset>\n<div class=\"row row_margin_min\">\n\t<div class=\"span6\">\n\t\t<p><span class=\"wpcf7-form-control-wrap\" data-name=\"your-name\"><input size=\"40\" maxlength=\"400\" class=\"wpcf7-form-control wpcf7-text wpcf7-validates-as-required\" aria-required=\"true\" aria-invalid=\"false\" placeholder=\"Name *\" value=\"\" type=\"text\" name=\"your-name\" \/><\/span>\n\t\t<\/p>\n\t<\/div>\n\t<div class=\"span6\">\n\t\t<p><span class=\"wpcf7-form-control-wrap\" data-name=\"your-email\"><input size=\"40\" maxlength=\"400\" class=\"wpcf7-form-control wpcf7-email wpcf7-validates-as-required wpcf7-text wpcf7-validates-as-email\" aria-required=\"true\" aria-invalid=\"false\" placeholder=\"E-mail *\" value=\"\" type=\"email\" name=\"your-email\" \/><\/span>\n\t\t<\/p>\n\t<\/div>\n\t<div class=\"span12\">\n\t\t<p><span class=\"wpcf7-form-control-wrap\" data-name=\"your-subject\"><input size=\"40\" maxlength=\"400\" class=\"wpcf7-form-control wpcf7-text wpcf7-validates-as-required\" aria-required=\"true\" aria-invalid=\"false\" placeholder=\"Subject *\" value=\"\" type=\"text\" name=\"your-subject\" \/><\/span>\n\t\t<\/p>\n\t<\/div>\n\t<div class=\"span12\">\n\t\t<p><span class=\"wpcf7-form-control-wrap\" data-name=\"your-message\"><textarea cols=\"40\" rows=\"10\" maxlength=\"2000\" class=\"wpcf7-form-control wpcf7-textarea\" aria-invalid=\"false\" placeholder=\"Message\" name=\"your-message\"><\/textarea><\/span><input class=\"wpcf7-form-control wpcf7-submit has-spinner\" type=\"submit\" value=\"Send Message\" \/>\n\t\t<\/p>\n\t<\/div>\n<\/div><div class=\"wpcf7-response-output\" aria-hidden=\"true\"><\/div>\n<input type=\"hidden\" name=\"trp-form-language\" value=\"en\"\/><\/form>\n<\/div>\n<\/div>\n\t\t\t\t\t\t<\/div>\n\t\t\t\t<\/div>\n\t\t\t\t<div class=\"elementor-element elementor-element-3388ef1 elementor-widget elementor-widget-spacer\" data-id=\"3388ef1\" data-element_type=\"widget\" data-e-type=\"widget\" data-widget_type=\"spacer.default\">\n\t\t\t\t<div class=\"elementor-widget-container\">\n\t\t\t\t\t\t\t<div class=\"elementor-spacer\">\n\t\t\t<div class=\"elementor-spacer-inner\"><\/div>\n\t\t<\/div>\n\t\t\t\t\t\t<\/div>\n\t\t\t\t<\/div>\n\t\t\t\t\t<\/div>\n\t\t<\/div>\n\t\t\t\t<div class=\"elementor-column elementor-col-33 elementor-top-column elementor-element elementor-element-34880ae\" data-id=\"34880ae\" data-element_type=\"column\" data-e-type=\"column\">\n\t\t\t<div class=\"elementor-widget-wrap elementor-element-populated\">\n\t\t\t\t\t\t<div class=\"elementor-element elementor-element-6bd2719 elementor-widget elementor-widget-text-editor\" data-id=\"6bd2719\" data-element_type=\"widget\" data-e-type=\"widget\" data-widget_type=\"text-editor.default\">\n\t\t\t\t<div class=\"elementor-widget-container\">\n\t\t\t\t\t\t\t\t\t<p>HOME OFFICE<\/p>\t\t\t\t\t\t\t\t<\/div>\n\t\t\t\t<\/div>\n\t\t\t\t<div class=\"elementor-element elementor-element-3f8ee10 elementor-widget-divider--view-line elementor-widget elementor-widget-divider\" data-id=\"3f8ee10\" data-element_type=\"widget\" data-e-type=\"widget\" data-widget_type=\"divider.default\">\n\t\t\t\t<div class=\"elementor-widget-container\">\n\t\t\t\t\t\t\t<div class=\"elementor-divider\">\n\t\t\t<span class=\"elementor-divider-separator\">\n\t\t\t\t\t\t<\/span>\n\t\t<\/div>\n\t\t\t\t\t\t<\/div>\n\t\t\t\t<\/div>\n\t\t\t\t<div class=\"elementor-element elementor-element-171c3ad elementor-widget elementor-widget-text-editor\" data-id=\"171c3ad\" data-element_type=\"widget\" data-e-type=\"widget\" data-widget_type=\"text-editor.default\">\n\t\t\t\t<div class=\"elementor-widget-container\">\n\t\t\t\t\t\t\t\t\t<p>Somos una empresa que desde su creaci\u00f3n es Home office y Flextime, quienes hacemos parte los equipos de desarrollo, realizamos nuestras responsabilidades bajo la pol\u00edtica empresarial que nos permite manejar nuestro propio tiempo y espacio de trabajo.<\/p><p><strong><a class=\"gt3_icon_link\" style=\"font-size: 14px; color: inherit; margin-right: 15px; margin-top: 5px;\" href=\"#\" target=\"_blank\" rel=\"noopener\" data-color=\"inherit\" data-hover-color=\"inherit\"><i class=\"fa fa-mobile\">\u00a0<\/i><\/a>\u00a0<a href=\"https:\/\/wa.me\/message\/UA7MLXIJTNZGN1\">+57 300 786 14 77<\/a><\/strong><br \/><strong><a class=\"gt3_icon_link\" style=\"font-size: 14px; color: inherit; margin-right: 15px; margin-top: 5px;\" href=\"#\" target=\"_blank\" rel=\"noopener\" data-color=\"inherit\" data-hover-color=\"inherit\"><i class=\"fa fa-phone\">\u00a0<\/i><\/a><a href=\"tel:(+601)9483814\">+601 9483814<\/a><\/strong><br \/><strong><a class=\"gt3_icon_link\" style=\"font-size: 14px; color: inherit; margin-right: 15px; margin-top: 5px;\" href=\"#\" target=\"_blank\" rel=\"noopener\" data-color=\"inherit\" data-hover-color=\"inherit\"><i class=\"fa fa-envelope-o\">\u00a0<\/i><\/a><a href=\"mailto:info@nabiconsulting.co\">info@nabiconsulting.co<\/a><\/strong><\/p>\t\t\t\t\t\t\t\t<\/div>\n\t\t\t\t<\/div>\n\t\t\t\t<div class=\"elementor-element elementor-element-7a36718 elementor-widget-divider--view-line elementor-widget elementor-widget-divider\" data-id=\"7a36718\" data-element_type=\"widget\" data-e-type=\"widget\" data-widget_type=\"divider.default\">\n\t\t\t\t<div class=\"elementor-widget-container\">\n\t\t\t\t\t\t\t<div class=\"elementor-divider\">\n\t\t\t<span class=\"elementor-divider-separator\">\n\t\t\t\t\t\t<\/span>\n\t\t<\/div>\n\t\t\t\t\t\t<\/div>\n\t\t\t\t<\/div>\n\t\t\t\t<div class=\"elementor-element elementor-element-d47af87 elementor-shape-circle e-grid-align-left elementor-grid-0 elementor-widget elementor-widget-social-icons\" data-id=\"d47af87\" data-element_type=\"widget\" data-e-type=\"widget\" data-widget_type=\"social-icons.default\">\n\t\t\t\t<div class=\"elementor-widget-container\">\n\t\t\t\t\t\t\t<div class=\"elementor-social-icons-wrapper elementor-grid\" role=\"list\">\n\t\t\t\t\t\t\t<span class=\"elementor-grid-item\" role=\"listitem\">\n\t\t\t\t\t<a class=\"elementor-icon elementor-social-icon elementor-social-icon-linkedin elementor-repeater-item-7e085cf\" href=\"https:\/\/www.linkedin.com\/company\/nabi-consulting\/\" target=\"_blank\">\n\t\t\t\t\t\t<span class=\"elementor-screen-only\">Linkedin<\/span>\n\t\t\t\t\t\t<i aria-hidden=\"true\" class=\"fab fa-linkedin\"><\/i>\t\t\t\t\t<\/a>\n\t\t\t\t<\/span>\n\t\t\t\t\t\t\t<span class=\"elementor-grid-item\" role=\"listitem\">\n\t\t\t\t\t<a class=\"elementor-icon elementor-social-icon elementor-social-icon-x-twitter elementor-repeater-item-e9e9b97\" href=\"https:\/\/x.com\/nabiconsulting\" target=\"_blank\">\n\t\t\t\t\t\t<span class=\"elementor-screen-only\">X-twitter<\/span>\n\t\t\t\t\t\t<i aria-hidden=\"true\" class=\"fab fa-x-twitter\"><\/i>\t\t\t\t\t<\/a>\n\t\t\t\t<\/span>\n\t\t\t\t\t\t\t<span class=\"elementor-grid-item\" role=\"listitem\">\n\t\t\t\t\t<a class=\"elementor-icon elementor-social-icon elementor-social-icon-youtube elementor-repeater-item-f539851\" href=\"http:\/\/www.youtube.com\/@NabiConsulting\" target=\"_blank\">\n\t\t\t\t\t\t<span class=\"elementor-screen-only\">Youtube<\/span>\n\t\t\t\t\t\t<i aria-hidden=\"true\" class=\"fab fa-youtube\"><\/i>\t\t\t\t\t<\/a>\n\t\t\t\t<\/span>\n\t\t\t\t\t<\/div>\n\t\t\t\t\t\t<\/div>\n\t\t\t\t<\/div>\n\t\t\t\t<div class=\"elementor-element elementor-element-f66087f elementor-widget-divider--view-line elementor-widget elementor-widget-divider\" data-id=\"f66087f\" data-element_type=\"widget\" data-e-type=\"widget\" data-widget_type=\"divider.default\">\n\t\t\t\t<div class=\"elementor-widget-container\">\n\t\t\t\t\t\t\t<div class=\"elementor-divider\">\n\t\t\t<span class=\"elementor-divider-separator\">\n\t\t\t\t\t\t<\/span>\n\t\t<\/div>\n\t\t\t\t\t\t<\/div>\n\t\t\t\t<\/div>\n\t\t\t\t<div class=\"elementor-element elementor-element-39b479a elementor-widget elementor-widget-button\" data-id=\"39b479a\" data-element_type=\"widget\" data-e-type=\"widget\" data-widget_type=\"button.default\">\n\t\t\t\t<div class=\"elementor-widget-container\">\n\t\t\t\t\t\t\t\t\t<div class=\"elementor-button-wrapper\">\n\t\t\t\t\t<a class=\"elementor-button elementor-button-link elementor-size-sm\" href=\"https:\/\/nabiconsulting.co\/en\/politica-privacidad\/\">\n\t\t\t\t\t\t<span class=\"elementor-button-content-wrapper\">\n\t\t\t\t\t\t\t\t\t<span class=\"elementor-button-text\">Privacy Policy<\/span>\n\t\t\t\t\t<\/span>\n\t\t\t\t\t<\/a>\n\t\t\t\t<\/div>\n\t\t\t\t\t\t\t\t<\/div>\n\t\t\t\t<\/div>\n\t\t\t\t\t<\/div>\n\t\t<\/div>\n\t\t\t\t\t<\/div>\n\t\t<\/section>\n\t\t\t\t<\/div>","protected":false},"excerpt":{"rendered":"<p>La mejor decisi\u00f3n para t\u00fa destino es que nos permitas estar caminando contigo para que desarrollemos juntos El Camino. Cont\u00e1ctanos HOME OFFICE Somos una empresa que desde su creaci\u00f3n es Home office y Flextime, quienes hacemos parte los equipos de desarrollo, realizamos nuestras responsabilidades bajo la pol\u00edtica empresarial que nos permite manejar nuestro propio tiempo y espacio de trabajo. \u00a0\u00a0+57 [&hellip;]<\/p>\n","protected":false},"author":2,"featured_media":6899,"parent":0,"menu_order":7,"comment_status":"closed","ping_status":"closed","template":"","meta":{"footnotes":""},"class_list":["post-4526","page","type-page","status-publish","has-post-thumbnail","hentry"],"yoast_head":"<!-- This site is optimized with the Yoast SEO plugin v27.4 - https:\/\/yoast.com\/product\/yoast-seo-wordpress\/ -->\n<title>Contacto |<\/title>\n<meta name=\"robots\" content=\"index, follow, max-snippet:-1, max-image-preview:large, max-video-preview:-1\" \/>\n<link rel=\"canonical\" href=\"https:\/\/nabiconsulting.co\/en\/contacto\/\" \/>\n<meta property=\"og:locale\" content=\"en_US\" \/>\n<meta property=\"og:type\" content=\"article\" \/>\n<meta property=\"og:title\" content=\"Contacto |\" \/>\n<meta property=\"og:description\" content=\"La mejor decisi\u00f3n para t\u00fa destino es que nos permitas estar caminando contigo para que desarrollemos juntos El Camino. Cont\u00e1ctanos HOME OFFICE Somos una empresa que desde su creaci\u00f3n es Home office y Flextime, quienes hacemos parte los equipos de desarrollo, realizamos nuestras responsabilidades bajo la pol\u00edtica empresarial que nos permite manejar nuestro propio tiempo y espacio de trabajo. \u00a0\u00a0+57 [&hellip;]\" \/>\n<meta property=\"og:url\" content=\"https:\/\/nabiconsulting.co\/en\/contacto\/\" \/>\n<meta property=\"article:publisher\" content=\"https:\/\/www.facebook.com\/NabiConsulting\/\" \/>\n<meta property=\"article:modified_time\" content=\"2026-04-08T14:00:35+00:00\" \/>\n<meta property=\"og:image\" content=\"https:\/\/nabiconsulting.co\/wp-content\/uploads\/2019\/04\/Cabezotes-Nabi-4.jpg\" \/>\n\t<meta property=\"og:image:width\" content=\"1921\" \/>\n\t<meta property=\"og:image:height\" content=\"701\" \/>\n\t<meta property=\"og:image:type\" content=\"image\/jpeg\" \/>\n<meta name=\"twitter:card\" content=\"summary_large_image\" \/>\n<meta name=\"twitter:site\" content=\"@nabiconsulting\" \/>\n<meta name=\"twitter:label1\" content=\"Est. reading time\" \/>\n\t<meta name=\"twitter:data1\" content=\"1 minute\" \/>\n<script type=\"application\/ld+json\" class=\"yoast-schema-graph\">{\"@context\":\"https:\\\/\\\/schema.org\",\"@graph\":[{\"@type\":\"WebPage\",\"@id\":\"https:\\\/\\\/nabiconsulting.co\\\/contacto\\\/\",\"url\":\"https:\\\/\\\/nabiconsulting.co\\\/contacto\\\/\",\"name\":\"Contacto |\",\"isPartOf\":{\"@id\":\"https:\\\/\\\/nabiconsulting.co\\\/#website\"},\"primaryImageOfPage\":{\"@id\":\"https:\\\/\\\/nabiconsulting.co\\\/contacto\\\/#primaryimage\"},\"image\":{\"@id\":\"https:\\\/\\\/nabiconsulting.co\\\/contacto\\\/#primaryimage\"},\"thumbnailUrl\":\"https:\\\/\\\/nabiconsulting.co\\\/wp-content\\\/uploads\\\/2019\\\/04\\\/Cabezotes-Nabi-4.jpg\",\"datePublished\":\"2019-01-11T07:44:18+00:00\",\"dateModified\":\"2026-04-08T14:00:35+00:00\",\"breadcrumb\":{\"@id\":\"https:\\\/\\\/nabiconsulting.co\\\/contacto\\\/#breadcrumb\"},\"inLanguage\":\"en-US\",\"potentialAction\":[{\"@type\":\"ReadAction\",\"target\":[\"https:\\\/\\\/nabiconsulting.co\\\/contacto\\\/\"]}]},{\"@type\":\"ImageObject\",\"inLanguage\":\"en-US\",\"@id\":\"https:\\\/\\\/nabiconsulting.co\\\/contacto\\\/#primaryimage\",\"url\":\"https:\\\/\\\/nabiconsulting.co\\\/wp-content\\\/uploads\\\/2019\\\/04\\\/Cabezotes-Nabi-4.jpg\",\"contentUrl\":\"https:\\\/\\\/nabiconsulting.co\\\/wp-content\\\/uploads\\\/2019\\\/04\\\/Cabezotes-Nabi-4.jpg\",\"width\":1921,\"height\":701},{\"@type\":\"BreadcrumbList\",\"@id\":\"https:\\\/\\\/nabiconsulting.co\\\/contacto\\\/#breadcrumb\",\"itemListElement\":[{\"@type\":\"ListItem\",\"position\":1,\"name\":\"Portada\",\"item\":\"https:\\\/\\\/nabiconsulting.co\\\/\"},{\"@type\":\"ListItem\",\"position\":2,\"name\":\"Contacto\"}]},{\"@type\":\"WebSite\",\"@id\":\"https:\\\/\\\/nabiconsulting.co\\\/#website\",\"url\":\"https:\\\/\\\/nabiconsulting.co\\\/\",\"name\":\"\",\"description\":\"\",\"publisher\":{\"@id\":\"https:\\\/\\\/nabiconsulting.co\\\/#organization\"},\"potentialAction\":[{\"@type\":\"SearchAction\",\"target\":{\"@type\":\"EntryPoint\",\"urlTemplate\":\"https:\\\/\\\/nabiconsulting.co\\\/?s={search_term_string}\"},\"query-input\":{\"@type\":\"PropertyValueSpecification\",\"valueRequired\":true,\"valueName\":\"search_term_string\"}}],\"inLanguage\":\"en-US\"},{\"@type\":\"Organization\",\"@id\":\"https:\\\/\\\/nabiconsulting.co\\\/#organization\",\"name\":\"Nabi Consulting\",\"url\":\"https:\\\/\\\/nabiconsulting.co\\\/\",\"logo\":{\"@type\":\"ImageObject\",\"inLanguage\":\"en-US\",\"@id\":\"https:\\\/\\\/nabiconsulting.co\\\/#\\\/schema\\\/logo\\\/image\\\/\",\"url\":\"https:\\\/\\\/nabiconsulting.co\\\/wp-content\\\/uploads\\\/2019\\\/04\\\/Logo-Nabi-2-1.png\",\"contentUrl\":\"https:\\\/\\\/nabiconsulting.co\\\/wp-content\\\/uploads\\\/2019\\\/04\\\/Logo-Nabi-2-1.png\",\"width\":241,\"height\":71,\"caption\":\"Nabi Consulting\"},\"image\":{\"@id\":\"https:\\\/\\\/nabiconsulting.co\\\/#\\\/schema\\\/logo\\\/image\\\/\"},\"sameAs\":[\"https:\\\/\\\/www.facebook.com\\\/NabiConsulting\\\/\",\"https:\\\/\\\/x.com\\\/nabiconsulting\",\"https:\\\/\\\/www.linkedin.com\\\/company\\\/nabi-consulting\\\/\",\"https:\\\/\\\/www.youtube.com\\\/channel\\\/UCiv4qzdIRtW8mO0OkDKn-Vg\"]}]}<\/script>\n<!-- \/ Yoast SEO plugin. -->","yoast_head_json":{"title":"Contacto |","robots":{"index":"index","follow":"follow","max-snippet":"max-snippet:-1","max-image-preview":"max-image-preview:large","max-video-preview":"max-video-preview:-1"},"canonical":"https:\/\/nabiconsulting.co\/en\/contacto\/","og_locale":"en_US","og_type":"article","og_title":"Contacto |","og_description":"La mejor decisi\u00f3n para t\u00fa destino es que nos permitas estar caminando contigo para que desarrollemos juntos El Camino. Cont\u00e1ctanos HOME OFFICE Somos una empresa que desde su creaci\u00f3n es Home office y Flextime, quienes hacemos parte los equipos de desarrollo, realizamos nuestras responsabilidades bajo la pol\u00edtica empresarial que nos permite manejar nuestro propio tiempo y espacio de trabajo. \u00a0\u00a0+57 [&hellip;]","og_url":"https:\/\/nabiconsulting.co\/en\/contacto\/","article_publisher":"https:\/\/www.facebook.com\/NabiConsulting\/","article_modified_time":"2026-04-08T14:00:35+00:00","og_image":[{"width":1921,"height":701,"url":"https:\/\/nabiconsulting.co\/wp-content\/uploads\/2019\/04\/Cabezotes-Nabi-4.jpg","type":"image\/jpeg"}],"twitter_card":"summary_large_image","twitter_site":"@nabiconsulting","twitter_misc":{"Est. reading time":"1 minute"},"schema":{"@context":"https:\/\/schema.org","@graph":[{"@type":"WebPage","@id":"https:\/\/nabiconsulting.co\/contacto\/","url":"https:\/\/nabiconsulting.co\/contacto\/","name":"Contacto |","isPartOf":{"@id":"https:\/\/nabiconsulting.co\/#website"},"primaryImageOfPage":{"@id":"https:\/\/nabiconsulting.co\/contacto\/#primaryimage"},"image":{"@id":"https:\/\/nabiconsulting.co\/contacto\/#primaryimage"},"thumbnailUrl":"https:\/\/nabiconsulting.co\/wp-content\/uploads\/2019\/04\/Cabezotes-Nabi-4.jpg","datePublished":"2019-01-11T07:44:18+00:00","dateModified":"2026-04-08T14:00:35+00:00","breadcrumb":{"@id":"https:\/\/nabiconsulting.co\/contacto\/#breadcrumb"},"inLanguage":"en-US","potentialAction":[{"@type":"ReadAction","target":["https:\/\/nabiconsulting.co\/contacto\/"]}]},{"@type":"ImageObject","inLanguage":"en-US","@id":"https:\/\/nabiconsulting.co\/contacto\/#primaryimage","url":"https:\/\/nabiconsulting.co\/wp-content\/uploads\/2019\/04\/Cabezotes-Nabi-4.jpg","contentUrl":"https:\/\/nabiconsulting.co\/wp-content\/uploads\/2019\/04\/Cabezotes-Nabi-4.jpg","width":1921,"height":701},{"@type":"BreadcrumbList","@id":"https:\/\/nabiconsulting.co\/contacto\/#breadcrumb","itemListElement":[{"@type":"ListItem","position":1,"name":"Portada","item":"https:\/\/nabiconsulting.co\/"},{"@type":"ListItem","position":2,"name":"Contacto"}]},{"@type":"WebSite","@id":"https:\/\/nabiconsulting.co\/#website","url":"https:\/\/nabiconsulting.co\/","name":"","description":"","publisher":{"@id":"https:\/\/nabiconsulting.co\/#organization"},"potentialAction":[{"@type":"SearchAction","target":{"@type":"EntryPoint","urlTemplate":"https:\/\/nabiconsulting.co\/?s={search_term_string}"},"query-input":{"@type":"PropertyValueSpecification","valueRequired":true,"valueName":"search_term_string"}}],"inLanguage":"en-US"},{"@type":"Organization","@id":"https:\/\/nabiconsulting.co\/#organization","name":"Nabi Consulting","url":"https:\/\/nabiconsulting.co\/","logo":{"@type":"ImageObject","inLanguage":"en-US","@id":"https:\/\/nabiconsulting.co\/#\/schema\/logo\/image\/","url":"https:\/\/nabiconsulting.co\/wp-content\/uploads\/2019\/04\/Logo-Nabi-2-1.png","contentUrl":"https:\/\/nabiconsulting.co\/wp-content\/uploads\/2019\/04\/Logo-Nabi-2-1.png","width":241,"height":71,"caption":"Nabi Consulting"},"image":{"@id":"https:\/\/nabiconsulting.co\/#\/schema\/logo\/image\/"},"sameAs":["https:\/\/www.facebook.com\/NabiConsulting\/","https:\/\/x.com\/nabiconsulting","https:\/\/www.linkedin.com\/company\/nabi-consulting\/","https:\/\/www.youtube.com\/channel\/UCiv4qzdIRtW8mO0OkDKn-Vg"]}]}},"_links":{"self":[{"href":"https:\/\/nabiconsulting.co\/en\/wp-json\/wp\/v2\/pages\/4526","targetHints":{"allow":["GET"]}}],"collection":[{"href":"https:\/\/nabiconsulting.co\/en\/wp-json\/wp\/v2\/pages"}],"about":[{"href":"https:\/\/nabiconsulting.co\/en\/wp-json\/wp\/v2\/types\/page"}],"author":[{"embeddable":true,"href":"https:\/\/nabiconsulting.co\/en\/wp-json\/wp\/v2\/users\/2"}],"replies":[{"embeddable":true,"href":"https:\/\/nabiconsulting.co\/en\/wp-json\/wp\/v2\/comments?post=4526"}],"version-history":[{"count":31,"href":"https:\/\/nabiconsulting.co\/en\/wp-json\/wp\/v2\/pages\/4526\/revisions"}],"predecessor-version":[{"id":8238,"href":"https:\/\/nabiconsulting.co\/en\/wp-json\/wp\/v2\/pages\/4526\/revisions\/8238"}],"wp:featuredmedia":[{"embeddable":true,"href":"https:\/\/nabiconsulting.co\/en\/wp-json\/wp\/v2\/media\/6899"}],"wp:attachment":[{"href":"https:\/\/nabiconsulting.co\/en\/wp-json\/wp\/v2\/media?parent=4526"}],"curies":[{"name":"wp","href":"https:\/\/api.w.org\/{rel}","templated":true}]}}