{"id":3,"date":"2019-03-29T02:32:42","date_gmt":"2019-03-29T01:32:42","guid":{"rendered":"https:\/\/nabiconsulting.co\/?page_id=3"},"modified":"2026-04-08T09:02:14","modified_gmt":"2026-04-08T14:02:14","slug":"politica-privacidad","status":"publish","type":"page","link":"https:\/\/nabiconsulting.co\/en\/politica-privacidad\/","title":{"rendered":"Pol\u00edtica de privacidad"},"content":{"rendered":"\t\t<div data-elementor-type=\"wp-post\" data-elementor-id=\"3\" class=\"elementor elementor-3\" data-elementor-post-type=\"page\">\n\t\t\t\t\t\t<section class=\"elementor-section elementor-top-section elementor-element elementor-element-483b5e5b elementor-section-boxed elementor-section-height-default elementor-section-height-default\" data-id=\"483b5e5b\" data-element_type=\"section\" data-e-type=\"section\">\n\t\t\t\t\t\t<div class=\"elementor-container elementor-column-gap-default\">\n\t\t\t\t\t<div class=\"elementor-column elementor-col-100 elementor-top-column elementor-element elementor-element-ba92c0f\" data-id=\"ba92c0f\" data-element_type=\"column\" data-e-type=\"column\">\n\t\t\t<div class=\"elementor-widget-wrap elementor-element-populated\">\n\t\t\t\t\t\t<div class=\"elementor-element elementor-element-18ed112c elementor-widget elementor-widget-text-editor\" data-id=\"18ed112c\" data-element_type=\"widget\" data-e-type=\"widget\" data-widget_type=\"text-editor.default\">\n\t\t\t\t<div class=\"elementor-widget-container\">\n\t\t\t\t\t\t\t\t\t<h2><span style=\"text-decoration: underline;\"><strong>Qui\u00e9nes somos<\/strong><\/span><\/h2>\n<p><!-- \/wp:heading --><\/p>\n<p><!-- wp:paragraph --><\/p>\n<p>La direcci\u00f3n de nuestra web es: https:\/\/nabiconsulting.co.<\/p>\n<p>\u00a0<\/p>\n<p><!-- \/wp:paragraph --><\/p>\n<p><!-- wp:heading --><\/p>\n<h2><span style=\"text-decoration: underline;\"><strong>Qu\u00e9 datos personales recogemos y por qu\u00e9 los recogemos<\/strong><\/span><\/h2>\n<p><!-- \/wp:heading --><\/p>\n<p><!-- wp:heading {\"level\":3} --><\/p>\n<h3>Comentarios<\/h3>\n<p><!-- \/wp:heading --><\/p>\n<p><!-- wp:paragraph --><\/p>\n<p>Cuando los visitantes dejan comentarios en la web, recopilamos los datos que se muestran en el formulario de comentarios, as\u00ed como la direcci\u00f3n IP del visitante y la cadena de agentes de usuario del navegador para ayudar a la detecci\u00f3n de spam.<\/p>\n<p><!-- \/wp:paragraph --><\/p>\n<p><!-- wp:paragraph --><\/p>\n<p>Una cadena an\u00f3nima creada a partir de tu direcci\u00f3n de correo electr\u00f3nico (tambi\u00e9n llamada hash) puede ser proporcionada al servicio de Gravatar para ver si la est\u00e1s usando. La pol\u00edtica de privacidad del servicio Gravatar est\u00e1 disponible aqu\u00ed: https:\/\/automattic.com\/privacy\/. Despu\u00e9s de la aprobaci\u00f3n de tu comentario, la imagen de tu perfil es visible para el p\u00fablico en el contexto de su comentario.<\/p>\n<p><!-- \/wp:paragraph --><\/p>\n<p><!-- wp:heading {\"level\":3} --><\/p>\n<h3>Medios<\/h3>\n<p><!-- \/wp:heading --><\/p>\n<p><!-- wp:paragraph --><\/p>\n<p>Si subes im\u00e1genes a la web deber\u00edas evitar subir im\u00e1genes con datos de ubicaci\u00f3n (GPS EXIF) incluidos. Los visitantes de la web pueden descargar y extraer cualquier dato de localizaci\u00f3n de las im\u00e1genes de la web.<\/p>\n<p><!-- \/wp:paragraph --><\/p>\n<p><!-- wp:heading {\"level\":3} --><\/p>\n<h3>Formularios de contacto \u2022\u00a0Cookies<\/h3>\n<p><!-- \/wp:heading --><\/p>\n<p><!-- wp:heading {\"level\":3} --><\/p>\n<p><!-- \/wp:heading --><\/p>\n<p><!-- wp:paragraph --><\/p>\n<p>Si dejas un comentario en nuestro sitio puedes elegir guardar tu nombre, direcci\u00f3n de correo electr\u00f3nico y web en cookies. Esto es para tu comodidad, para que no tengas que volver a rellenar tus datos cuando dejes otro comentario. Estas cookies tendr\u00e1n una duraci\u00f3n de un a\u00f1o.<\/p>\n<p><!-- \/wp:paragraph --><\/p>\n<p><!-- wp:paragraph --><\/p>\n<p>Si tienes una cuenta y te conectas a este sitio, instalaremos una cookie temporal para determinar si tu navegador acepta cookies. Esta cookie no contiene datos personales y se elimina al cerrar el navegador.<\/p>\n<p><!-- \/wp:paragraph --><\/p>\n<p><!-- wp:paragraph --><\/p>\n<p>Cuando inicias sesi\u00f3n, tambi\u00e9n instalaremos varias cookies para guardar tu informaci\u00f3n de inicio de sesi\u00f3n y tus opciones de visualizaci\u00f3n de pantalla. Las cookies de inicio de sesi\u00f3n duran dos d\u00edas, y las cookies de opciones de pantalla duran un a\u00f1o. Si seleccionas &#8220;Recordarme&#8221;, tu inicio de sesi\u00f3n perdurar\u00e1 durante dos semanas. Si sales de tu cuenta, las cookies de inicio de sesi\u00f3n se eliminar\u00e1n.<\/p>\n<p><!-- \/wp:paragraph --><\/p>\n<p><!-- wp:paragraph --><\/p>\n<p>Si editas o publicas un art\u00edculo se guardar\u00e1 una cookie adicional en tu navegador. Esta cookie no incluye datos personales y simplemente indica el ID del art\u00edculo que acabas de editar. Caduca despu\u00e9s de 1 d\u00eda.<\/p>\n<p><!-- \/wp:paragraph --><\/p>\n<p><!-- wp:heading {\"level\":3} --><\/p>\n<h3>Contenido incrustado de otros sitios web<\/h3>\n<p><!-- \/wp:heading --><\/p>\n<p><!-- wp:paragraph --><\/p>\n<p>Los art\u00edculos de este sitio pueden incluir contenido incrustado (por ejemplo, v\u00eddeos, im\u00e1genes, art\u00edculos, etc.). El contenido incrustado de otras web se comporta exactamente de la misma manera que si el visitante hubiera visitado la otra web.<\/p>\n<p><!-- \/wp:paragraph --><\/p>\n<p><!-- wp:paragraph --><\/p>\n<p>Estas web pueden recopilar datos sobre ti, utilizar cookies, incrustar un seguimiento adicional de terceros, y supervisar tu interacci\u00f3n con ese contenido incrustado, incluido el seguimiento de tu interacci\u00f3n con el contenido incrustado si tienes una cuenta y est\u00e1s conectado a esa web.<\/p>\n<p>\u00a0<\/p>\n<p><!-- \/wp:paragraph --><\/p>\n<p><!-- wp:heading {\"level\":3} --><\/p>\n<p><!-- \/wp:heading --><\/p>\n<p><!-- wp:heading --><\/p>\n<h2><span style=\"text-decoration: underline;\"><strong>Anal\u00edtica:<\/strong><\/span><\/h2>\n<h3>Con qui\u00e9n compartimos tus datos y cu\u00e1nto tiempo conservamos tus datos<\/h3>\n<p><!-- \/wp:heading --><\/p>\n<p><!-- wp:heading --><\/p>\n<p><!-- \/wp:heading --><\/p>\n<p><!-- wp:paragraph --><\/p>\n<p>Si dejas un comentario, el comentario y sus metadatos se conservan indefinidamente. Esto es para que podamos reconocer y aprobar comentarios sucesivos autom\u00e1ticamente en lugar de mantenerlos en una cola de moderaci\u00f3n.<\/p>\n<p><!-- \/wp:paragraph --><\/p>\n<p><!-- wp:paragraph --><\/p>\n<p>De los usuarios que se registran en nuestra web (si los hay), tambi\u00e9n almacenamos la informaci\u00f3n personal que proporcionan en su perfil de usuario. Todos los usuarios pueden ver, editar o eliminar su informaci\u00f3n personal en cualquier momento (excepto que no pueden cambiar su nombre de usuario). Los administradores de la web tambi\u00e9n pueden ver y editar esa informaci\u00f3n.<\/p>\n<p><!-- \/wp:paragraph --><\/p>\n<p><!-- wp:heading --><\/p>\n<h3>Qu\u00e9 derechos tienes sobre tus datos<\/h3>\n<p><!-- \/wp:heading --><\/p>\n<p><!-- wp:paragraph --><\/p>\n<p>Si tienes una cuenta o has dejado comentarios en esta web, puedes solicitar recibir un archivo de exportaci\u00f3n de los datos personales que tenemos sobre ti, incluyendo cualquier dato que nos hayas proporcionado. Tambi\u00e9n puedes solicitar que eliminemos cualquier dato personal que tengamos sobre ti. Esto no incluye ning\u00fan dato que estemos obligados a conservar con fines administrativos, legales o de seguridad.<\/p>\n<p><!-- \/wp:paragraph --><\/p>\n<p><!-- wp:heading --><\/p>\n<h3>D\u00f3nde enviamos tus datos<\/h3>\n<p><!-- \/wp:heading --><\/p>\n<p><!-- wp:paragraph --><\/p>\n<p>Los comentarios de los visitantes puede que los revise un servicio de detecci\u00f3n autom\u00e1tica de spam.<\/p>\n<p>\u00a0<\/p>\n<p><!-- \/wp:paragraph --><\/p>\n<p><!-- wp:heading --><\/p>\n<h2><span style=\"text-decoration: underline;\"><strong>T\u00e9rminos de Uso<\/strong><\/span><\/h2>\n<p><!-- \/wp:heading --><\/p>\n<p><!-- wp:heading --><\/p>\n<p><!-- \/wp:heading --><\/p>\n<p><!-- wp:paragraph --><\/p>\n<p>Nabi Consulting requiere que todos los visitantes de su p\u00e1gina web, la cual es propiedad de, operada, licenciada y controlada por Nabi Consulting, se comprometan que, al ingresar y usar nuestro sitio web, reconoce y acepta que todos los productos y servicios Web, informaci\u00f3n, materiales, datos, im\u00e1genes, gr\u00e1ficos, sonidos y todos los contenidos del sitio son derechos de autor registrados y son propiedad de y est\u00e1n controlados por Nabi Consulting a menos que se mencione de otra manera. Cualquier uso no autorizado de los contenidos en este sitio puede violar derechos de autor, marcas registradas y otras leyes y derechos de propiedad intelectual de Nabi Consulting o terceros. El uso no autorizado podr\u00e1 dar lugar a una demanda por da\u00f1os y\/o podr\u00e1 ser un delito penal. Los contenidos del sitio no pueden ser modificados, copiados o distribuidos, vueltos a publicar, cargados, publicados, descompilados o transmitidos de ninguna manera, sin el consentimiento previo por escrito de Nabi Consulting.<\/p>\n<p>\u00a0<\/p>\n<h2><span style=\"text-decoration: underline;\"><strong>Datos del Responsable<\/strong><\/span><\/h2>\n<p><!-- \/wp:heading --><\/p>\n<p><!-- wp:heading --><\/p>\n<p><!-- \/wp:heading --><\/p>\n<p><!-- wp:paragraph --><\/p>\n<p>Usted tendr\u00e1 disponible en todo momento esta pol\u00edtica de privacidad en nuestro sitio web <a href=\"http:\/\/www.nabiconsulting.co\/\">www.nabiconsulting.co<\/a>\u00a0pero si requiere algo puntual nos puede contactar en nuestra oficina principal ubicada en la Carrera 10 N\u00b0 97 A 13 oficina 202 Torre B. Bogot\u00e1 D.C. Colombia.<\/p>\n<p>\u00a0<\/p>\n<h2><span style=\"text-decoration: underline;\"><strong>Finalidad de Tratamiento de Datos<\/strong><\/span><\/h2>\n<p><!-- \/wp:heading --><\/p>\n<p><!-- wp:heading --><\/p>\n<p><!-- \/wp:heading --><\/p>\n<p><!-- wp:paragraph --><\/p>\n<p>Sus datos personales podr\u00e1n ser utilizados para las siguientes finalidades: Identificaci\u00f3n, Gesti\u00f3n y Administraci\u00f3n de nuestra relaci\u00f3n comercial. Hacer consultas, investigaciones y revisiones en relaci\u00f3n a sus quejas, sugerencias o reclamaciones. Contactarlo para actividades de verificaci\u00f3n de la informaci\u00f3n suministrada.<\/p>\n<p>\u00a0<\/p>\n<h2><span style=\"text-decoration: underline;\"><strong>Habeas Data<\/strong><\/span><\/h2>\n<p>Nabi Consulting SAS coherente con sus valores y su cultura, est\u00e1 comprometido con la confidencialidad y protecci\u00f3n de sus datos.<\/p>\n<p>Con el objetivo de seguir fortaleciendo nuestro relacionamiento y compartir conocimiento de nuestra red de aliados, queremos contar con su consentimiento para seguir comunic\u00e1ndonos con usted, de forma eficiente y segura, proporcion\u00e1ndole informaci\u00f3n de inter\u00e9s acerca del desarrollo con Nabi Consulting, nuestros servicios, estudios, entre otros. Para proceder de esta manera, y dar cumplimiento a la Ley 1581 de 2012 y el Decreto 1377 de 2013, le manifestamos que sus datos personales se encuentran incluidos en nuestras bases de datos.<\/p>\n<p>De esta manera, a la luz y en cumplimiento de lo previsto en la anterior ley y decreto, normas que desarrollan el precepto constitucional por medio del cual todas las personas tienen derecho a conocer, actualizar y rectificar todo tipo de informaci\u00f3n que haya sido recolectada o sea objeto de alg\u00fan tratamiento de datos personales en bases de datos o repositorios y, en general archivos de entidades p\u00fablicas y\/o privadas, queremos informarles que:<\/p>\n<p>Nabi Consulting SAS como empresa prestadora de servicios profesionales almacena y recolecta datos personales que requieren de su autorizaci\u00f3n, para que, de manera libre, previa, expresa, voluntaria, y debidamente informada, les permitan recolectar, recaudar, almacenar, usar, circular, suprimir, procesar, compilar, intercambiar, dar tratamiento, actualizar y disponer de los datos que han sido suministrados, y que se han incorporado en distintas bases de datos, o repositorios. Esta informaci\u00f3n es, y ser\u00e1 utilizada en el desarrollo de las actividades propias de Nabi Consulting en Colombia de forma directa o a trav\u00e9s de terceros.<\/p>\n<p>Sabemos la importancia de la confidencialidad y la seguridad de la informaci\u00f3n, por eso, disponemos de pol\u00edticas, principios, medidas t\u00e9cnicas, administrativas y humanas, que garantizan el adecuado tratamiento de sus datos personales, cumpliendo los criterios, obligaciones y responsabilidades establecidas por la Ley, que nos permitan seguir cumpliendo una de nuestras propuestas de valor: <strong>Para nosotros, su informaci\u00f3n es \u00fanica, valiosa y sagrada<\/strong>.<\/p>\n<p>Amparados en los t\u00e9rminos dispuestos por el Decreto 1377 de 2013 en su Art\u00edculo 10, Nabi Consulting SAS en Colombia entender\u00e1 que usted acepta y autoriza que mantengamos comunicaci\u00f3n con usted, salvo que en forma directa, inequ\u00edvoca y por escrito manifieste lo contrario dentro de los treinta (30) d\u00edas h\u00e1biles contados a partir de la publicaci\u00f3n vigente de la presente comunicaci\u00f3n, escribi\u00e9ndonos a la cuenta de correo electr\u00f3nico dispuesta para tal efecto: (info@nabiconsulting.co).<\/p>\n<p>En procura de estar seguros de la veracidad, transparencia y confiabilidad de sus datos personales, o si desea una copia de nuestra pol\u00edtica de Habeas Data, usted podr\u00e1 solicitarla a la direcci\u00f3n de correo electr\u00f3nico mencionada (info@nabiconsulting.co). De igual manera, si se llegara a considerar, por alg\u00fan motivo, que alguna persona de Nabi Consulting SAS uso su informaci\u00f3n de manera contraria a lo autorizado o a las leyes aplicables, usted tiene derecho de solicitar expresamente, en cualquier momento, su correcci\u00f3n, actualizaci\u00f3n o supresi\u00f3n, en los t\u00e9rminos establecidos por la Ley 1581 de 2012.<\/p>\n<h3><strong>Vigencia:<\/strong><\/h3>\n<p>Esta pol\u00edtica est\u00e1 en vigencia desde el d\u00eda veinticuatro de octubre de 2016 [24-10-2016]. Las bases de datos de Nabi Consulting se conservan por el tiempo necesario para garantizar el cumplimiento de su objeto social, mandato legal y lo que dispongan otras normas sobre retenci\u00f3n documental.<\/p>\n<p><strong>Fecha de \u00faltima actualizaci\u00f3n: 23-04-2019<\/strong><\/p>\n<p>\u00a0<\/p>\n<p><!-- \/wp:heading --><\/p>\n<p><!-- wp:heading {\"level\":3} --><\/p>\n<p><!-- \/wp:heading --><\/p>\t\t\t\t\t\t\t\t<\/div>\n\t\t\t\t<\/div>\n\t\t\t\t\t<\/div>\n\t\t<\/div>\n\t\t\t\t\t<\/div>\n\t\t<\/section>\n\t\t\t\t<\/div>\n\t\t","protected":false},"excerpt":{"rendered":"<p>Qui\u00e9nes somos La direcci\u00f3n de nuestra web es: https:\/\/nabiconsulting.co. \u00a0 Qu\u00e9 datos personales recogemos y por qu\u00e9 los recogemos Comentarios Cuando los visitantes dejan comentarios en la web, recopilamos los datos que se muestran en el formulario de comentarios, as\u00ed como la direcci\u00f3n IP del visitante y la cadena de agentes de usuario del navegador para ayudar a la detecci\u00f3n [&hellip;]<\/p>\n","protected":false},"author":2,"featured_media":0,"parent":0,"menu_order":10,"comment_status":"closed","ping_status":"closed","template":"","meta":{"footnotes":""},"class_list":["post-3","page","type-page","status-publish","hentry"],"yoast_head":"<!-- This site is optimized with the Yoast SEO plugin v27.4 - https:\/\/yoast.com\/product\/yoast-seo-wordpress\/ -->\n<title>Pol\u00edtica de privacidad |<\/title>\n<meta name=\"robots\" content=\"index, follow, max-snippet:-1, max-image-preview:large, max-video-preview:-1\" \/>\n<link rel=\"canonical\" href=\"https:\/\/nabiconsulting.co\/en\/politica-privacidad\/\" \/>\n<meta property=\"og:locale\" content=\"en_US\" \/>\n<meta property=\"og:type\" content=\"article\" \/>\n<meta property=\"og:title\" content=\"Pol\u00edtica de privacidad |\" \/>\n<meta property=\"og:description\" content=\"Qui\u00e9nes somos La direcci\u00f3n de nuestra web es: https:\/\/nabiconsulting.co. \u00a0 Qu\u00e9 datos personales recogemos y por qu\u00e9 los recogemos Comentarios Cuando los visitantes dejan comentarios en la web, recopilamos los datos que se muestran en el formulario de comentarios, as\u00ed como la direcci\u00f3n IP del visitante y la cadena de agentes de usuario del navegador para ayudar a la detecci\u00f3n [&hellip;]\" \/>\n<meta property=\"og:url\" content=\"https:\/\/nabiconsulting.co\/en\/politica-privacidad\/\" \/>\n<meta property=\"article:publisher\" content=\"https:\/\/www.facebook.com\/NabiConsulting\/\" \/>\n<meta property=\"article:modified_time\" content=\"2026-04-08T14:02:14+00:00\" \/>\n<meta name=\"twitter:card\" content=\"summary_large_image\" \/>\n<meta name=\"twitter:site\" content=\"@nabiconsulting\" \/>\n<meta name=\"twitter:label1\" content=\"Est. reading time\" \/>\n\t<meta name=\"twitter:data1\" content=\"7 minutes\" \/>\n<script type=\"application\/ld+json\" class=\"yoast-schema-graph\">{\"@context\":\"https:\\\/\\\/schema.org\",\"@graph\":[{\"@type\":\"WebPage\",\"@id\":\"https:\\\/\\\/nabiconsulting.co\\\/politica-privacidad\\\/\",\"url\":\"https:\\\/\\\/nabiconsulting.co\\\/politica-privacidad\\\/\",\"name\":\"Pol\u00edtica de privacidad |\",\"isPartOf\":{\"@id\":\"https:\\\/\\\/nabiconsulting.co\\\/#website\"},\"datePublished\":\"2019-03-29T01:32:42+00:00\",\"dateModified\":\"2026-04-08T14:02:14+00:00\",\"breadcrumb\":{\"@id\":\"https:\\\/\\\/nabiconsulting.co\\\/politica-privacidad\\\/#breadcrumb\"},\"inLanguage\":\"en-US\",\"potentialAction\":[{\"@type\":\"ReadAction\",\"target\":[\"https:\\\/\\\/nabiconsulting.co\\\/politica-privacidad\\\/\"]}]},{\"@type\":\"BreadcrumbList\",\"@id\":\"https:\\\/\\\/nabiconsulting.co\\\/politica-privacidad\\\/#breadcrumb\",\"itemListElement\":[{\"@type\":\"ListItem\",\"position\":1,\"name\":\"Portada\",\"item\":\"https:\\\/\\\/nabiconsulting.co\\\/\"},{\"@type\":\"ListItem\",\"position\":2,\"name\":\"Pol\u00edtica de privacidad\"}]},{\"@type\":\"WebSite\",\"@id\":\"https:\\\/\\\/nabiconsulting.co\\\/#website\",\"url\":\"https:\\\/\\\/nabiconsulting.co\\\/\",\"name\":\"\",\"description\":\"\",\"publisher\":{\"@id\":\"https:\\\/\\\/nabiconsulting.co\\\/#organization\"},\"potentialAction\":[{\"@type\":\"SearchAction\",\"target\":{\"@type\":\"EntryPoint\",\"urlTemplate\":\"https:\\\/\\\/nabiconsulting.co\\\/?s={search_term_string}\"},\"query-input\":{\"@type\":\"PropertyValueSpecification\",\"valueRequired\":true,\"valueName\":\"search_term_string\"}}],\"inLanguage\":\"en-US\"},{\"@type\":\"Organization\",\"@id\":\"https:\\\/\\\/nabiconsulting.co\\\/#organization\",\"name\":\"Nabi Consulting\",\"url\":\"https:\\\/\\\/nabiconsulting.co\\\/\",\"logo\":{\"@type\":\"ImageObject\",\"inLanguage\":\"en-US\",\"@id\":\"https:\\\/\\\/nabiconsulting.co\\\/#\\\/schema\\\/logo\\\/image\\\/\",\"url\":\"https:\\\/\\\/nabiconsulting.co\\\/wp-content\\\/uploads\\\/2019\\\/04\\\/Logo-Nabi-2-1.png\",\"contentUrl\":\"https:\\\/\\\/nabiconsulting.co\\\/wp-content\\\/uploads\\\/2019\\\/04\\\/Logo-Nabi-2-1.png\",\"width\":241,\"height\":71,\"caption\":\"Nabi Consulting\"},\"image\":{\"@id\":\"https:\\\/\\\/nabiconsulting.co\\\/#\\\/schema\\\/logo\\\/image\\\/\"},\"sameAs\":[\"https:\\\/\\\/www.facebook.com\\\/NabiConsulting\\\/\",\"https:\\\/\\\/x.com\\\/nabiconsulting\",\"https:\\\/\\\/www.linkedin.com\\\/company\\\/nabi-consulting\\\/\",\"https:\\\/\\\/www.youtube.com\\\/channel\\\/UCiv4qzdIRtW8mO0OkDKn-Vg\"]}]}<\/script>\n<!-- \/ Yoast SEO plugin. -->","yoast_head_json":{"title":"Pol\u00edtica de privacidad |","robots":{"index":"index","follow":"follow","max-snippet":"max-snippet:-1","max-image-preview":"max-image-preview:large","max-video-preview":"max-video-preview:-1"},"canonical":"https:\/\/nabiconsulting.co\/en\/politica-privacidad\/","og_locale":"en_US","og_type":"article","og_title":"Pol\u00edtica de privacidad |","og_description":"Qui\u00e9nes somos La direcci\u00f3n de nuestra web es: https:\/\/nabiconsulting.co. \u00a0 Qu\u00e9 datos personales recogemos y por qu\u00e9 los recogemos Comentarios Cuando los visitantes dejan comentarios en la web, recopilamos los datos que se muestran en el formulario de comentarios, as\u00ed como la direcci\u00f3n IP del visitante y la cadena de agentes de usuario del navegador para ayudar a la detecci\u00f3n [&hellip;]","og_url":"https:\/\/nabiconsulting.co\/en\/politica-privacidad\/","article_publisher":"https:\/\/www.facebook.com\/NabiConsulting\/","article_modified_time":"2026-04-08T14:02:14+00:00","twitter_card":"summary_large_image","twitter_site":"@nabiconsulting","twitter_misc":{"Est. reading time":"7 minutes"},"schema":{"@context":"https:\/\/schema.org","@graph":[{"@type":"WebPage","@id":"https:\/\/nabiconsulting.co\/politica-privacidad\/","url":"https:\/\/nabiconsulting.co\/politica-privacidad\/","name":"Pol\u00edtica de privacidad |","isPartOf":{"@id":"https:\/\/nabiconsulting.co\/#website"},"datePublished":"2019-03-29T01:32:42+00:00","dateModified":"2026-04-08T14:02:14+00:00","breadcrumb":{"@id":"https:\/\/nabiconsulting.co\/politica-privacidad\/#breadcrumb"},"inLanguage":"en-US","potentialAction":[{"@type":"ReadAction","target":["https:\/\/nabiconsulting.co\/politica-privacidad\/"]}]},{"@type":"BreadcrumbList","@id":"https:\/\/nabiconsulting.co\/politica-privacidad\/#breadcrumb","itemListElement":[{"@type":"ListItem","position":1,"name":"Portada","item":"https:\/\/nabiconsulting.co\/"},{"@type":"ListItem","position":2,"name":"Pol\u00edtica de privacidad"}]},{"@type":"WebSite","@id":"https:\/\/nabiconsulting.co\/#website","url":"https:\/\/nabiconsulting.co\/","name":"","description":"","publisher":{"@id":"https:\/\/nabiconsulting.co\/#organization"},"potentialAction":[{"@type":"SearchAction","target":{"@type":"EntryPoint","urlTemplate":"https:\/\/nabiconsulting.co\/?s={search_term_string}"},"query-input":{"@type":"PropertyValueSpecification","valueRequired":true,"valueName":"search_term_string"}}],"inLanguage":"en-US"},{"@type":"Organization","@id":"https:\/\/nabiconsulting.co\/#organization","name":"Nabi Consulting","url":"https:\/\/nabiconsulting.co\/","logo":{"@type":"ImageObject","inLanguage":"en-US","@id":"https:\/\/nabiconsulting.co\/#\/schema\/logo\/image\/","url":"https:\/\/nabiconsulting.co\/wp-content\/uploads\/2019\/04\/Logo-Nabi-2-1.png","contentUrl":"https:\/\/nabiconsulting.co\/wp-content\/uploads\/2019\/04\/Logo-Nabi-2-1.png","width":241,"height":71,"caption":"Nabi Consulting"},"image":{"@id":"https:\/\/nabiconsulting.co\/#\/schema\/logo\/image\/"},"sameAs":["https:\/\/www.facebook.com\/NabiConsulting\/","https:\/\/x.com\/nabiconsulting","https:\/\/www.linkedin.com\/company\/nabi-consulting\/","https:\/\/www.youtube.com\/channel\/UCiv4qzdIRtW8mO0OkDKn-Vg"]}]}},"_links":{"self":[{"href":"https:\/\/nabiconsulting.co\/en\/wp-json\/wp\/v2\/pages\/3","targetHints":{"allow":["GET"]}}],"collection":[{"href":"https:\/\/nabiconsulting.co\/en\/wp-json\/wp\/v2\/pages"}],"about":[{"href":"https:\/\/nabiconsulting.co\/en\/wp-json\/wp\/v2\/types\/page"}],"author":[{"embeddable":true,"href":"https:\/\/nabiconsulting.co\/en\/wp-json\/wp\/v2\/users\/2"}],"replies":[{"embeddable":true,"href":"https:\/\/nabiconsulting.co\/en\/wp-json\/wp\/v2\/comments?post=3"}],"version-history":[{"count":4,"href":"https:\/\/nabiconsulting.co\/en\/wp-json\/wp\/v2\/pages\/3\/revisions"}],"predecessor-version":[{"id":8241,"href":"https:\/\/nabiconsulting.co\/en\/wp-json\/wp\/v2\/pages\/3\/revisions\/8241"}],"wp:attachment":[{"href":"https:\/\/nabiconsulting.co\/en\/wp-json\/wp\/v2\/media?parent=3"}],"curies":[{"name":"wp","href":"https:\/\/api.w.org\/{rel}","templated":true}]}}